{"id":93,"date":"2025-02-26T17:17:39","date_gmt":"2025-02-26T16:17:39","guid":{"rendered":"https:\/\/shop.dergartendoktor.de\/?post_type=product&#038;p=93"},"modified":"2025-02-28T03:01:14","modified_gmt":"2025-02-28T02:01:14","slug":"premium-pflanzenduenger-25kg","status":"publish","type":"product","link":"https:\/\/shop.dergartendoktor.de\/?product=premium-pflanzenduenger-25kg","title":{"rendered":"Premium Pflanzend\u00fcnger 2,5kg"},"content":{"rendered":"<h4><strong>Premium-Pflanzend\u00fcnger mit 15 wertvollen Zutaten aus aller Welt.<\/strong><\/h4>\n<h4><strong>Es sind garantiert mindestens 70 Elemente enthalten, damit Deine Pflanzen <\/strong><strong>alle N\u00e4hrstoffe bekommen, die sie je brauchen werden.<\/strong><\/h4>\n<h4><\/h4>\n<h4><strong>Der Packungsinhalt von 2,5kg reicht je nach Pflanzenart f\u00fcr ca. 12,5qm &#8211; 50qm <\/strong><strong>bei einmaliger Anwendung.<\/strong><\/h4>\n<h4><\/h4>\n<h4><strong>Organisch-mineralischer D\u00fcnger NPK 3-1-4<\/strong><\/h4>\n<h4><strong>Zusammensetzung:<\/strong><br \/>\n<strong>3,03% Gesamtstickstoff (N)<\/strong><br \/>\n<strong>1,34% Phosphor (P2O5)<\/strong><br \/>\n<strong>4,39% Kaliumoxid (K2O)<\/strong><\/h4>\n<h4><\/h4>\n<h4><strong>Anwendung:<\/strong><\/h4>\n<h4><strong>Schwachzehrer 1-2 Essl\u00f6ffel pro Pflanze<\/strong><br \/>\n<strong>bzw. 50gr-100gr\/qm2<\/strong><\/h4>\n<h4><strong>Starkzehrer 3-4 Essl\u00f6ffel pro Pflanze<\/strong><br \/>\n<strong>bzw. 100gr-200gr\/qm2<\/strong><\/h4>\n<h4><strong>Oberfl\u00e4chlich einarbeiten<\/strong><\/h4>\n<h4><strong>Mehrfachd\u00fcngung m\u00f6glich<\/strong><\/h4>\n<h4>&#8212;&#8212;&#8212;&#8212;&#8212;&#8212;&#8212;&#8212;&#8212;&#8212;&#8212;&#8212;&#8212;&#8212;&#8212;&#8212;&#8212;&#8212;&#8212;&#8212;&#8212;&#8212;&#8212;&#8212;&#8212;&#8212;&#8212;&#8212;&#8212;&#8212;&#8212;&#8212;&#8212;&#8212;&#8212;&#8212;&#8212;&#8212;&#8212;&#8212;&#8212;&#8212;&#8212;&#8212;&#8212;&#8212;&#8212;&#8212;&#8212;&#8212;&#8212;&#8212;&#8212;&#8212;&#8212;&#8212;&#8212;&#8212;&#8212;&#8212;&#8212;&#8212;&#8212;&#8212;&#8212;&#8212;&#8212;&#8212;&#8212;&#8212;&#8212;&#8212;<\/h4>\n","protected":false},"excerpt":{"rendered":"<h4><strong>+ Versand 4,90<\/strong><\/h4>\n<h4><strong>Der Packungsinhalt von 2,5kg reicht je nach Pflanzenart f\u00fcr ca. 12,5qm &#8211; 50qm <\/strong><strong>bei einmaliger Anwendung.<\/strong><\/h4>\n<h4><strong>Zutatenliste <a href=\"https:\/\/dergartendoktor.de\/die-zutaten\/\">HIER ANSCHAUEN.<\/a><\/strong><\/h4>\n","protected":false},"featured_media":82,"template":"","meta":[],"product_brand":[],"product_cat":[15],"product_tag":[],"class_list":{"0":"post-93","1":"product","2":"type-product","3":"status-publish","4":"has-post-thumbnail","6":"product_cat-unkategorisiert","8":"first","9":"instock","10":"shipping-taxable","11":"purchasable","12":"product-type-simple"},"yoast_head":"<!-- This site is optimized with the Yoast SEO plugin v25.6 - https:\/\/yoast.com\/wordpress\/plugins\/seo\/ -->\n<title>Der Gartendoktor - Premium Pflanzend\u00fcnger 2,5kg<\/title>\n<meta name=\"description\" content=\"Biod\u00fcnger,Pflanzend\u00fcnger\" \/>\n<meta name=\"robots\" content=\"index, follow, max-snippet:-1, max-image-preview:large, max-video-preview:-1\" \/>\n<link rel=\"canonical\" href=\"https:\/\/shop.dergartendoktor.de\/?product=premium-pflanzenduenger-25kg\" \/>\n<meta property=\"og:locale\" content=\"de_DE\" \/>\n<meta property=\"og:type\" content=\"article\" \/>\n<meta property=\"og:title\" content=\"Der Gartendoktor - Premium Pflanzend\u00fcnger 2,5kg\" \/>\n<meta property=\"og:description\" content=\"Biod\u00fcnger,Pflanzend\u00fcnger\" \/>\n<meta property=\"og:url\" content=\"https:\/\/shop.dergartendoktor.de\/?product=premium-pflanzenduenger-25kg\" \/>\n<meta property=\"og:site_name\" content=\"Der Gartendoktor\" \/>\n<meta property=\"article:modified_time\" content=\"2025-02-28T02:01:14+00:00\" \/>\n<meta property=\"og:image\" content=\"https:\/\/shop.dergartendoktor.de\/wp-content\/uploads\/2025\/02\/IMG_20240923_173918_8-scaled-e1740056087718.jpg\" \/>\n\t<meta property=\"og:image:width\" content=\"1580\" \/>\n\t<meta property=\"og:image:height\" content=\"1440\" \/>\n\t<meta property=\"og:image:type\" content=\"image\/jpeg\" \/>\n<meta name=\"twitter:card\" content=\"summary_large_image\" \/>\n<meta name=\"twitter:label1\" content=\"Gesch\u00e4tzte Lesezeit\" \/>\n\t<meta name=\"twitter:data1\" content=\"1\u00a0Minute\" \/>\n<script type=\"application\/ld+json\" class=\"yoast-schema-graph\">{\"@context\":\"https:\/\/schema.org\",\"@graph\":[{\"@type\":\"WebPage\",\"@id\":\"https:\/\/shop.dergartendoktor.de\/?product=premium-pflanzenduenger-25kg\",\"url\":\"https:\/\/shop.dergartendoktor.de\/?product=premium-pflanzenduenger-25kg\",\"name\":\"Der Gartendoktor - Premium Pflanzend\u00fcnger 2,5kg\",\"isPartOf\":{\"@id\":\"https:\/\/shop.dergartendoktor.de\/#website\"},\"primaryImageOfPage\":{\"@id\":\"https:\/\/shop.dergartendoktor.de\/?product=premium-pflanzenduenger-25kg#primaryimage\"},\"image\":{\"@id\":\"https:\/\/shop.dergartendoktor.de\/?product=premium-pflanzenduenger-25kg#primaryimage\"},\"thumbnailUrl\":\"https:\/\/shop.dergartendoktor.de\/wp-content\/uploads\/2025\/02\/IMG_20240923_173918_8-scaled-e1740056087718.jpg\",\"datePublished\":\"2025-02-26T16:17:39+00:00\",\"dateModified\":\"2025-02-28T02:01:14+00:00\",\"description\":\"Biod\u00fcnger,Pflanzend\u00fcnger\",\"breadcrumb\":{\"@id\":\"https:\/\/shop.dergartendoktor.de\/?product=premium-pflanzenduenger-25kg#breadcrumb\"},\"inLanguage\":\"de\",\"potentialAction\":[{\"@type\":\"ReadAction\",\"target\":[\"https:\/\/shop.dergartendoktor.de\/?product=premium-pflanzenduenger-25kg\"]}]},{\"@type\":\"ImageObject\",\"inLanguage\":\"de\",\"@id\":\"https:\/\/shop.dergartendoktor.de\/?product=premium-pflanzenduenger-25kg#primaryimage\",\"url\":\"https:\/\/shop.dergartendoktor.de\/wp-content\/uploads\/2025\/02\/IMG_20240923_173918_8-scaled-e1740056087718.jpg\",\"contentUrl\":\"https:\/\/shop.dergartendoktor.de\/wp-content\/uploads\/2025\/02\/IMG_20240923_173918_8-scaled-e1740056087718.jpg\",\"width\":1580,\"height\":1440},{\"@type\":\"BreadcrumbList\",\"@id\":\"https:\/\/shop.dergartendoktor.de\/?product=premium-pflanzenduenger-25kg#breadcrumb\",\"itemListElement\":[{\"@type\":\"ListItem\",\"position\":1,\"name\":\"Startseite\",\"item\":\"https:\/\/shop.dergartendoktor.de\/\"},{\"@type\":\"ListItem\",\"position\":2,\"name\":\"Shop\",\"item\":\"https:\/\/shop.dergartendoktor.de\/\"},{\"@type\":\"ListItem\",\"position\":3,\"name\":\"Premium Pflanzend\u00fcnger 2,5kg\"}]},{\"@type\":\"WebSite\",\"@id\":\"https:\/\/shop.dergartendoktor.de\/#website\",\"url\":\"https:\/\/shop.dergartendoktor.de\/\",\"name\":\"Der Gartendoktor\",\"description\":\"Pflanzend\u00fcnger 100% nat\u00fcrliche Zutaten\",\"publisher\":{\"@id\":\"https:\/\/shop.dergartendoktor.de\/#organization\"},\"potentialAction\":[{\"@type\":\"SearchAction\",\"target\":{\"@type\":\"EntryPoint\",\"urlTemplate\":\"https:\/\/shop.dergartendoktor.de\/?s={search_term_string}\"},\"query-input\":{\"@type\":\"PropertyValueSpecification\",\"valueRequired\":true,\"valueName\":\"search_term_string\"}}],\"inLanguage\":\"de\"},{\"@type\":\"Organization\",\"@id\":\"https:\/\/shop.dergartendoktor.de\/#organization\",\"name\":\"Der Gartendoktor\",\"url\":\"https:\/\/shop.dergartendoktor.de\/\",\"logo\":{\"@type\":\"ImageObject\",\"inLanguage\":\"de\",\"@id\":\"https:\/\/shop.dergartendoktor.de\/#\/schema\/logo\/image\/\",\"url\":\"https:\/\/shop.dergartendoktor.de\/wp-content\/uploads\/2025\/02\/Etikett-rund-transparent-1-e1740601449724.png\",\"contentUrl\":\"https:\/\/shop.dergartendoktor.de\/wp-content\/uploads\/2025\/02\/Etikett-rund-transparent-1-e1740601449724.png\",\"width\":500,\"height\":500,\"caption\":\"Der Gartendoktor\"},\"image\":{\"@id\":\"https:\/\/shop.dergartendoktor.de\/#\/schema\/logo\/image\/\"}}]}<\/script>\n<!-- \/ Yoast SEO plugin. -->","yoast_head_json":{"title":"Der Gartendoktor - Premium Pflanzend\u00fcnger 2,5kg","description":"Biod\u00fcnger,Pflanzend\u00fcnger","robots":{"index":"index","follow":"follow","max-snippet":"max-snippet:-1","max-image-preview":"max-image-preview:large","max-video-preview":"max-video-preview:-1"},"canonical":"https:\/\/shop.dergartendoktor.de\/?product=premium-pflanzenduenger-25kg","og_locale":"de_DE","og_type":"article","og_title":"Der Gartendoktor - Premium Pflanzend\u00fcnger 2,5kg","og_description":"Biod\u00fcnger,Pflanzend\u00fcnger","og_url":"https:\/\/shop.dergartendoktor.de\/?product=premium-pflanzenduenger-25kg","og_site_name":"Der Gartendoktor","article_modified_time":"2025-02-28T02:01:14+00:00","og_image":[{"width":1580,"height":1440,"url":"https:\/\/shop.dergartendoktor.de\/wp-content\/uploads\/2025\/02\/IMG_20240923_173918_8-scaled-e1740056087718.jpg","type":"image\/jpeg"}],"twitter_card":"summary_large_image","twitter_misc":{"Gesch\u00e4tzte Lesezeit":"1\u00a0Minute"},"schema":{"@context":"https:\/\/schema.org","@graph":[{"@type":"WebPage","@id":"https:\/\/shop.dergartendoktor.de\/?product=premium-pflanzenduenger-25kg","url":"https:\/\/shop.dergartendoktor.de\/?product=premium-pflanzenduenger-25kg","name":"Der Gartendoktor - Premium Pflanzend\u00fcnger 2,5kg","isPartOf":{"@id":"https:\/\/shop.dergartendoktor.de\/#website"},"primaryImageOfPage":{"@id":"https:\/\/shop.dergartendoktor.de\/?product=premium-pflanzenduenger-25kg#primaryimage"},"image":{"@id":"https:\/\/shop.dergartendoktor.de\/?product=premium-pflanzenduenger-25kg#primaryimage"},"thumbnailUrl":"https:\/\/shop.dergartendoktor.de\/wp-content\/uploads\/2025\/02\/IMG_20240923_173918_8-scaled-e1740056087718.jpg","datePublished":"2025-02-26T16:17:39+00:00","dateModified":"2025-02-28T02:01:14+00:00","description":"Biod\u00fcnger,Pflanzend\u00fcnger","breadcrumb":{"@id":"https:\/\/shop.dergartendoktor.de\/?product=premium-pflanzenduenger-25kg#breadcrumb"},"inLanguage":"de","potentialAction":[{"@type":"ReadAction","target":["https:\/\/shop.dergartendoktor.de\/?product=premium-pflanzenduenger-25kg"]}]},{"@type":"ImageObject","inLanguage":"de","@id":"https:\/\/shop.dergartendoktor.de\/?product=premium-pflanzenduenger-25kg#primaryimage","url":"https:\/\/shop.dergartendoktor.de\/wp-content\/uploads\/2025\/02\/IMG_20240923_173918_8-scaled-e1740056087718.jpg","contentUrl":"https:\/\/shop.dergartendoktor.de\/wp-content\/uploads\/2025\/02\/IMG_20240923_173918_8-scaled-e1740056087718.jpg","width":1580,"height":1440},{"@type":"BreadcrumbList","@id":"https:\/\/shop.dergartendoktor.de\/?product=premium-pflanzenduenger-25kg#breadcrumb","itemListElement":[{"@type":"ListItem","position":1,"name":"Startseite","item":"https:\/\/shop.dergartendoktor.de\/"},{"@type":"ListItem","position":2,"name":"Shop","item":"https:\/\/shop.dergartendoktor.de\/"},{"@type":"ListItem","position":3,"name":"Premium Pflanzend\u00fcnger 2,5kg"}]},{"@type":"WebSite","@id":"https:\/\/shop.dergartendoktor.de\/#website","url":"https:\/\/shop.dergartendoktor.de\/","name":"Der Gartendoktor","description":"Pflanzend\u00fcnger 100% nat\u00fcrliche Zutaten","publisher":{"@id":"https:\/\/shop.dergartendoktor.de\/#organization"},"potentialAction":[{"@type":"SearchAction","target":{"@type":"EntryPoint","urlTemplate":"https:\/\/shop.dergartendoktor.de\/?s={search_term_string}"},"query-input":{"@type":"PropertyValueSpecification","valueRequired":true,"valueName":"search_term_string"}}],"inLanguage":"de"},{"@type":"Organization","@id":"https:\/\/shop.dergartendoktor.de\/#organization","name":"Der Gartendoktor","url":"https:\/\/shop.dergartendoktor.de\/","logo":{"@type":"ImageObject","inLanguage":"de","@id":"https:\/\/shop.dergartendoktor.de\/#\/schema\/logo\/image\/","url":"https:\/\/shop.dergartendoktor.de\/wp-content\/uploads\/2025\/02\/Etikett-rund-transparent-1-e1740601449724.png","contentUrl":"https:\/\/shop.dergartendoktor.de\/wp-content\/uploads\/2025\/02\/Etikett-rund-transparent-1-e1740601449724.png","width":500,"height":500,"caption":"Der Gartendoktor"},"image":{"@id":"https:\/\/shop.dergartendoktor.de\/#\/schema\/logo\/image\/"}}]}},"_links":{"self":[{"href":"https:\/\/shop.dergartendoktor.de\/index.php?rest_route=\/wp\/v2\/product\/93","targetHints":{"allow":["GET"]}}],"collection":[{"href":"https:\/\/shop.dergartendoktor.de\/index.php?rest_route=\/wp\/v2\/product"}],"about":[{"href":"https:\/\/shop.dergartendoktor.de\/index.php?rest_route=\/wp\/v2\/types\/product"}],"wp:featuredmedia":[{"embeddable":true,"href":"https:\/\/shop.dergartendoktor.de\/index.php?rest_route=\/wp\/v2\/media\/82"}],"wp:attachment":[{"href":"https:\/\/shop.dergartendoktor.de\/index.php?rest_route=%2Fwp%2Fv2%2Fmedia&parent=93"}],"wp:term":[{"taxonomy":"product_brand","embeddable":true,"href":"https:\/\/shop.dergartendoktor.de\/index.php?rest_route=%2Fwp%2Fv2%2Fproduct_brand&post=93"},{"taxonomy":"product_cat","embeddable":true,"href":"https:\/\/shop.dergartendoktor.de\/index.php?rest_route=%2Fwp%2Fv2%2Fproduct_cat&post=93"},{"taxonomy":"product_tag","embeddable":true,"href":"https:\/\/shop.dergartendoktor.de\/index.php?rest_route=%2Fwp%2Fv2%2Fproduct_tag&post=93"}],"curies":[{"name":"wp","href":"https:\/\/api.w.org\/{rel}","templated":true}]}}