{"id":3,"date":"2024-10-11T15:38:57","date_gmt":"2024-10-11T15:38:57","guid":{"rendered":"https:\/\/shop.dergartendoktor.de\/?page_id=3"},"modified":"2025-02-27T01:29:25","modified_gmt":"2025-02-27T00:29:25","slug":"privacy-policy","status":"publish","type":"page","link":"https:\/\/shop.dergartendoktor.de\/?page_id=3","title":{"rendered":"Datenschutz"},"content":{"rendered":"\n<pre class=\"wp-block-preformatted\">1. Einleitung<br><br>Wir freuen uns \u00fcber Ihr Interesse an unserem Onlineshop. Der Schutz Ihrer pers\u00f6nlichen Daten ist uns sehr wichtig. In dieser Datenschutzerkl\u00e4rung informieren wir Sie dar\u00fcber, welche Daten wir erheben, wie wir sie verwenden und welche Rechte Sie in Bezug auf Ihre Daten haben.<br><br>2. Verantwortliche Stelle<br><br>Verantwortliche Stelle im Sinne der Datenschutzgesetze ist:<br><br>Donovan Cla\u00dfen<br>Greppstr. 37a<br>52159 Roetgen<br>E-Mail: don@dergartendoktor.de<br>Telefon: 02471-7729467<br><br>3. Erhebung und Verarbeitung personenbezogener Daten<br><br>Wir erheben personenbezogene Daten, wenn Sie unseren Onlineshop besuchen, sich registrieren, eine Bestellung aufgeben oder uns kontaktieren. Zu den personenbezogenen Daten geh\u00f6ren:<br><br>- Name<br>- Adresse<br>- E-Mail-Adresse<br>- Telefonnummer<br>- Zahlungsinformationen<br><br>4. Zweck der Datenverarbeitung<br><br>Wir verwenden Ihre Daten zu folgenden Zwecken:<br><br>- Zur Bearbeitung Ihrer Bestellungen<br>- Zur Kommunikation mit Ihnen<br>- Zur Verbesserung unseres Angebots<br>- Zur Einhaltung gesetzlicher Vorschriften<br><br>5. Weitergabe von Daten<br><br>Ihre personenbezogenen Daten werden nicht an Dritte weitergegeben, es sei denn, dies ist zur Durchf\u00fchrung Ihrer Bestellung erforderlich (z. B. an Zahlungsdienstleister oder Versandunternehmen) oder Sie haben ausdr\u00fccklich eingewilligt.<br><br>6. Cookies<br><br>Unser Onlineshop verwendet Cookies, um die Benutzererfahrung zu verbessern. Cookies sind kleine Textdateien, die auf Ihrem Endger\u00e4t gespeichert werden. Sie k\u00f6nnen die Verwendung von Cookies in den Einstellungen Ihres Browsers deaktivieren, beachten Sie jedoch, dass dies die Funktionalit\u00e4t unseres Shops beeintr\u00e4chtigen kann.<br><br>7. Ihre Rechte<br><br>Sie haben das Recht, Auskunft \u00fcber die von uns gespeicherten personenbezogenen Daten zu verlangen. Zudem haben Sie das Recht auf Berichtigung, L\u00f6schung oder Einschr\u00e4nkung der Verarbeitung Ihrer Daten. Sie k\u00f6nnen auch der Verarbeitung Ihrer Daten widersprechen und Ihre Einwilligung jederzeit widerrufen.<br><br>8. \u00c4nderungen der Datenschutzerkl\u00e4rung<br><br>Wir behalten uns vor, diese Datenschutzerkl\u00e4rung jederzeit zu \u00e4ndern. Die aktuelle Version wird auf unserer Webseite ver\u00f6ffentlicht.<br><br>9. Kontakt<br><br>Wenn Sie Fragen zum Datenschutz haben, k\u00f6nnen Sie uns jederzeit unter der oben angegebenen E-Mail-Adresse bzw. Telefonnummer kontaktieren.<\/pre>\n","protected":false},"excerpt":{"rendered":"<p>1. EinleitungWir freuen uns \u00fcber Ihr Interesse an unserem Onlineshop. Der Schutz Ihrer pers\u00f6nlichen Daten ist uns sehr wichtig. In dieser Datenschutzerkl\u00e4rung informieren wir Sie dar\u00fcber, welche Daten wir erheben, wie wir sie verwenden und welche Rechte Sie in Bezug auf Ihre Daten haben.2. Verantwortliche StelleVerantwortliche Stelle im Sinne der Datenschutzgesetze ist:Donovan Cla\u00dfenGreppstr. 37a52159 RoetgenE-Mail: [&hellip;]<\/p>\n","protected":false},"author":1,"featured_media":0,"parent":0,"menu_order":0,"comment_status":"closed","ping_status":"open","template":"","meta":{"footnotes":""},"class_list":["post-3","page","type-page","status-publish","hentry"],"yoast_head":"<!-- This site is optimized with the Yoast SEO plugin v25.6 - https:\/\/yoast.com\/wordpress\/plugins\/seo\/ -->\n<title>Datenschutz - Der Gartendoktor<\/title>\n<meta name=\"robots\" content=\"index, follow, max-snippet:-1, max-image-preview:large, max-video-preview:-1\" \/>\n<link rel=\"canonical\" href=\"https:\/\/shop.dergartendoktor.de\/?page_id=3\" \/>\n<meta property=\"og:locale\" content=\"de_DE\" \/>\n<meta property=\"og:type\" content=\"article\" \/>\n<meta property=\"og:title\" content=\"Datenschutz - Der Gartendoktor\" \/>\n<meta property=\"og:description\" content=\"1. EinleitungWir freuen uns \u00fcber Ihr Interesse an unserem Onlineshop. Der Schutz Ihrer pers\u00f6nlichen Daten ist uns sehr wichtig. In dieser Datenschutzerkl\u00e4rung informieren wir Sie dar\u00fcber, welche Daten wir erheben, wie wir sie verwenden und welche Rechte Sie in Bezug auf Ihre Daten haben.2. Verantwortliche StelleVerantwortliche Stelle im Sinne der Datenschutzgesetze ist:Donovan Cla\u00dfenGreppstr. 37a52159 RoetgenE-Mail: [&hellip;]\" \/>\n<meta property=\"og:url\" content=\"https:\/\/shop.dergartendoktor.de\/?page_id=3\" \/>\n<meta property=\"og:site_name\" content=\"Der Gartendoktor\" \/>\n<meta property=\"article:modified_time\" content=\"2025-02-27T00:29:25+00:00\" \/>\n<meta name=\"twitter:card\" content=\"summary_large_image\" \/>\n<script type=\"application\/ld+json\" class=\"yoast-schema-graph\">{\"@context\":\"https:\/\/schema.org\",\"@graph\":[{\"@type\":\"WebPage\",\"@id\":\"https:\/\/shop.dergartendoktor.de\/?page_id=3\",\"url\":\"https:\/\/shop.dergartendoktor.de\/?page_id=3\",\"name\":\"Datenschutz - Der Gartendoktor\",\"isPartOf\":{\"@id\":\"https:\/\/shop.dergartendoktor.de\/#website\"},\"datePublished\":\"2024-10-11T15:38:57+00:00\",\"dateModified\":\"2025-02-27T00:29:25+00:00\",\"breadcrumb\":{\"@id\":\"https:\/\/shop.dergartendoktor.de\/?page_id=3#breadcrumb\"},\"inLanguage\":\"de\",\"potentialAction\":[{\"@type\":\"ReadAction\",\"target\":[\"https:\/\/shop.dergartendoktor.de\/?page_id=3\"]}]},{\"@type\":\"BreadcrumbList\",\"@id\":\"https:\/\/shop.dergartendoktor.de\/?page_id=3#breadcrumb\",\"itemListElement\":[{\"@type\":\"ListItem\",\"position\":1,\"name\":\"Startseite\",\"item\":\"https:\/\/shop.dergartendoktor.de\/\"},{\"@type\":\"ListItem\",\"position\":2,\"name\":\"Datenschutz\"}]},{\"@type\":\"WebSite\",\"@id\":\"https:\/\/shop.dergartendoktor.de\/#website\",\"url\":\"https:\/\/shop.dergartendoktor.de\/\",\"name\":\"Der Gartendoktor\",\"description\":\"Pflanzend\u00fcnger 100% nat\u00fcrliche Zutaten\",\"publisher\":{\"@id\":\"https:\/\/shop.dergartendoktor.de\/#organization\"},\"potentialAction\":[{\"@type\":\"SearchAction\",\"target\":{\"@type\":\"EntryPoint\",\"urlTemplate\":\"https:\/\/shop.dergartendoktor.de\/?s={search_term_string}\"},\"query-input\":{\"@type\":\"PropertyValueSpecification\",\"valueRequired\":true,\"valueName\":\"search_term_string\"}}],\"inLanguage\":\"de\"},{\"@type\":\"Organization\",\"@id\":\"https:\/\/shop.dergartendoktor.de\/#organization\",\"name\":\"Der Gartendoktor\",\"url\":\"https:\/\/shop.dergartendoktor.de\/\",\"logo\":{\"@type\":\"ImageObject\",\"inLanguage\":\"de\",\"@id\":\"https:\/\/shop.dergartendoktor.de\/#\/schema\/logo\/image\/\",\"url\":\"https:\/\/shop.dergartendoktor.de\/wp-content\/uploads\/2025\/02\/Etikett-rund-transparent-1-e1740601449724.png\",\"contentUrl\":\"https:\/\/shop.dergartendoktor.de\/wp-content\/uploads\/2025\/02\/Etikett-rund-transparent-1-e1740601449724.png\",\"width\":500,\"height\":500,\"caption\":\"Der Gartendoktor\"},\"image\":{\"@id\":\"https:\/\/shop.dergartendoktor.de\/#\/schema\/logo\/image\/\"}}]}<\/script>\n<!-- \/ Yoast SEO plugin. -->","yoast_head_json":{"title":"Datenschutz - Der Gartendoktor","robots":{"index":"index","follow":"follow","max-snippet":"max-snippet:-1","max-image-preview":"max-image-preview:large","max-video-preview":"max-video-preview:-1"},"canonical":"https:\/\/shop.dergartendoktor.de\/?page_id=3","og_locale":"de_DE","og_type":"article","og_title":"Datenschutz - Der Gartendoktor","og_description":"1. EinleitungWir freuen uns \u00fcber Ihr Interesse an unserem Onlineshop. Der Schutz Ihrer pers\u00f6nlichen Daten ist uns sehr wichtig. In dieser Datenschutzerkl\u00e4rung informieren wir Sie dar\u00fcber, welche Daten wir erheben, wie wir sie verwenden und welche Rechte Sie in Bezug auf Ihre Daten haben.2. Verantwortliche StelleVerantwortliche Stelle im Sinne der Datenschutzgesetze ist:Donovan Cla\u00dfenGreppstr. 37a52159 RoetgenE-Mail: [&hellip;]","og_url":"https:\/\/shop.dergartendoktor.de\/?page_id=3","og_site_name":"Der Gartendoktor","article_modified_time":"2025-02-27T00:29:25+00:00","twitter_card":"summary_large_image","schema":{"@context":"https:\/\/schema.org","@graph":[{"@type":"WebPage","@id":"https:\/\/shop.dergartendoktor.de\/?page_id=3","url":"https:\/\/shop.dergartendoktor.de\/?page_id=3","name":"Datenschutz - Der Gartendoktor","isPartOf":{"@id":"https:\/\/shop.dergartendoktor.de\/#website"},"datePublished":"2024-10-11T15:38:57+00:00","dateModified":"2025-02-27T00:29:25+00:00","breadcrumb":{"@id":"https:\/\/shop.dergartendoktor.de\/?page_id=3#breadcrumb"},"inLanguage":"de","potentialAction":[{"@type":"ReadAction","target":["https:\/\/shop.dergartendoktor.de\/?page_id=3"]}]},{"@type":"BreadcrumbList","@id":"https:\/\/shop.dergartendoktor.de\/?page_id=3#breadcrumb","itemListElement":[{"@type":"ListItem","position":1,"name":"Startseite","item":"https:\/\/shop.dergartendoktor.de\/"},{"@type":"ListItem","position":2,"name":"Datenschutz"}]},{"@type":"WebSite","@id":"https:\/\/shop.dergartendoktor.de\/#website","url":"https:\/\/shop.dergartendoktor.de\/","name":"Der Gartendoktor","description":"Pflanzend\u00fcnger 100% nat\u00fcrliche Zutaten","publisher":{"@id":"https:\/\/shop.dergartendoktor.de\/#organization"},"potentialAction":[{"@type":"SearchAction","target":{"@type":"EntryPoint","urlTemplate":"https:\/\/shop.dergartendoktor.de\/?s={search_term_string}"},"query-input":{"@type":"PropertyValueSpecification","valueRequired":true,"valueName":"search_term_string"}}],"inLanguage":"de"},{"@type":"Organization","@id":"https:\/\/shop.dergartendoktor.de\/#organization","name":"Der Gartendoktor","url":"https:\/\/shop.dergartendoktor.de\/","logo":{"@type":"ImageObject","inLanguage":"de","@id":"https:\/\/shop.dergartendoktor.de\/#\/schema\/logo\/image\/","url":"https:\/\/shop.dergartendoktor.de\/wp-content\/uploads\/2025\/02\/Etikett-rund-transparent-1-e1740601449724.png","contentUrl":"https:\/\/shop.dergartendoktor.de\/wp-content\/uploads\/2025\/02\/Etikett-rund-transparent-1-e1740601449724.png","width":500,"height":500,"caption":"Der Gartendoktor"},"image":{"@id":"https:\/\/shop.dergartendoktor.de\/#\/schema\/logo\/image\/"}}]}},"_links":{"self":[{"href":"https:\/\/shop.dergartendoktor.de\/index.php?rest_route=\/wp\/v2\/pages\/3","targetHints":{"allow":["GET"]}}],"collection":[{"href":"https:\/\/shop.dergartendoktor.de\/index.php?rest_route=\/wp\/v2\/pages"}],"about":[{"href":"https:\/\/shop.dergartendoktor.de\/index.php?rest_route=\/wp\/v2\/types\/page"}],"author":[{"embeddable":true,"href":"https:\/\/shop.dergartendoktor.de\/index.php?rest_route=\/wp\/v2\/users\/1"}],"replies":[{"embeddable":true,"href":"https:\/\/shop.dergartendoktor.de\/index.php?rest_route=%2Fwp%2Fv2%2Fcomments&post=3"}],"version-history":[{"count":1,"href":"https:\/\/shop.dergartendoktor.de\/index.php?rest_route=\/wp\/v2\/pages\/3\/revisions"}],"predecessor-version":[{"id":117,"href":"https:\/\/shop.dergartendoktor.de\/index.php?rest_route=\/wp\/v2\/pages\/3\/revisions\/117"}],"wp:attachment":[{"href":"https:\/\/shop.dergartendoktor.de\/index.php?rest_route=%2Fwp%2Fv2%2Fmedia&parent=3"}],"curies":[{"name":"wp","href":"https:\/\/api.w.org\/{rel}","templated":true}]}}