{"id":137,"date":"2025-02-28T03:32:50","date_gmt":"2025-02-28T02:32:50","guid":{"rendered":"https:\/\/shop.dergartendoktor.de\/?page_id=137"},"modified":"2025-02-28T03:38:06","modified_gmt":"2025-02-28T02:38:06","slug":"allgemeine-geschaeftsbedingungen-agb","status":"publish","type":"page","link":"https:\/\/shop.dergartendoktor.de\/?page_id=137","title":{"rendered":"AGB"},"content":{"rendered":"\n<h3 class=\"wp-block-heading\"><strong><br>1. Geltungsbereich<br>Diese Allgemeinen Gesch\u00e4ftsbedingungen gelten f\u00fcr alle Bestellungen, die \u00fcber unseren Online-Shop get\u00e4tigt werden. Mit der Abgabe einer Bestellung akzeptiert der Kunde diese AGB.<br><br>2. Vertragspartner<br>Der Kaufvertrag kommt zustande mit der Firma Der Gartendoktor, Inhaber: Donovan Cla\u00dfen, Greppstr.37a, Email: don@dergartendoktor.de, Telefon: 02471-7729467.<br><br>3. Angebot und Vertragsschluss<br>Die Produktdarstellungen im Online-Shop sind unverbindlich. Durch das Anklicken des Buttons \u201eKostenpflichtig bestellen\u201c gibt der Kunde ein verbindliches Angebot zum Kauf der im Warenkorb befindlichen Waren ab. Der Vertrag kommt zustande, wenn wir das Angebot des Kunden durch eine Auftragsbest\u00e4tigung oder durch Lieferung der Ware annehmen.<br><br>4. Preise und Versandkosten<br>Alle Preise sind Endpreise und enthalten die gesetzliche Mehrwertsteuer. Zus\u00e4tzlich fallen Versandkosten an, die im Bestellprozess angezeigt werden.<br><br>5. Zahlungsbedingungen<br>Die Zahlung erfolgt wahlweise per  PayPal, \u00dcberweisung oder anderen im Online-Shop angebotenen Zahlungsmethoden. Der Kunde verpflichtet sich, die Zahlung unverz\u00fcglich nach Vertragsschluss zu leisten.<br><br>6. Lieferung<br>Die Lieferung erfolgt an die vom Kunden angegebene Adresse. Die Lieferzeit betr\u00e4gt in der Regel 3-5 Werktage, sofern nicht anders angegeben. Bei Verz\u00f6gerungen werden wir den Kunden umgehend informieren.<br><br>7. Widerrufsrecht<br>Der Kunde hat das Recht, binnen 14 Tagen ohne Angabe von Gr\u00fcnden den Vertrag zu widerrufen. Die Widerrufsfrist beginnt mit dem Erhalt der Ware. Um das Widerrufsrecht auszu\u00fcben, muss der Kunde uns per E-Mail oder telefonisch informieren.<br><br>8. Gew\u00e4hrleistung<br>Es gelten die gesetzlichen Gew\u00e4hrleistungsrechte. Bei M\u00e4ngeln hat der Kunde das Recht auf Nacherf\u00fcllung, d.h. Nachbesserung oder Ersatzlieferung.<br><br>9. Haftung<br>Wir haften f\u00fcr Sch\u00e4den, die durch vors\u00e4tzliches oder grob fahrl\u00e4ssiges Verhalten verursacht wurden. F\u00fcr leichte Fahrl\u00e4ssigkeit haften wir nur bei Verletzung wesentlicher Vertragspflichten.<br><br>10. Datenschutz<br>Die Erhebung, Verarbeitung und Nutzung personenbezogener Daten erfolgt gem\u00e4\u00df unserer Datenschutzerkl\u00e4rung, die auf unserer Website einsehbar ist.<br><br>11. Schlussbestimmungen<br>Es gilt das deutsche Recht. Sollten einzelne Bestimmungen dieser AGB unwirksam sein, bleibt die Wirksamkeit der \u00fcbrigen Bestimmungen unber\u00fchrt.<\/strong><\/h3>\n","protected":false},"excerpt":{"rendered":"<p>1. GeltungsbereichDiese Allgemeinen Gesch\u00e4ftsbedingungen gelten f\u00fcr alle Bestellungen, die \u00fcber unseren Online-Shop get\u00e4tigt werden. Mit der Abgabe einer Bestellung akzeptiert der Kunde diese AGB. 2. VertragspartnerDer Kaufvertrag kommt zustande mit der Firma Der Gartendoktor, Inhaber: Donovan Cla\u00dfen, Greppstr.37a, Email: don@dergartendoktor.de, Telefon: 02471-7729467. 3. Angebot und VertragsschlussDie Produktdarstellungen im Online-Shop sind unverbindlich. Durch das Anklicken des [&hellip;]<\/p>\n","protected":false},"author":1,"featured_media":0,"parent":0,"menu_order":0,"comment_status":"closed","ping_status":"closed","template":"","meta":{"footnotes":""},"class_list":["post-137","page","type-page","status-publish","hentry"],"yoast_head":"<!-- This site is optimized with the Yoast SEO plugin v25.6 - https:\/\/yoast.com\/wordpress\/plugins\/seo\/ -->\n<title>AGB - Der Gartendoktor<\/title>\n<meta name=\"robots\" content=\"index, follow, max-snippet:-1, max-image-preview:large, max-video-preview:-1\" \/>\n<link rel=\"canonical\" href=\"https:\/\/shop.dergartendoktor.de\/?page_id=137\" \/>\n<meta property=\"og:locale\" content=\"de_DE\" \/>\n<meta property=\"og:type\" content=\"article\" \/>\n<meta property=\"og:title\" content=\"AGB - Der Gartendoktor\" \/>\n<meta property=\"og:description\" content=\"1. GeltungsbereichDiese Allgemeinen Gesch\u00e4ftsbedingungen gelten f\u00fcr alle Bestellungen, die \u00fcber unseren Online-Shop get\u00e4tigt werden. Mit der Abgabe einer Bestellung akzeptiert der Kunde diese AGB. 2. VertragspartnerDer Kaufvertrag kommt zustande mit der Firma Der Gartendoktor, Inhaber: Donovan Cla\u00dfen, Greppstr.37a, Email: don@dergartendoktor.de, Telefon: 02471-7729467. 3. Angebot und VertragsschlussDie Produktdarstellungen im Online-Shop sind unverbindlich. Durch das Anklicken des [&hellip;]\" \/>\n<meta property=\"og:url\" content=\"https:\/\/shop.dergartendoktor.de\/?page_id=137\" \/>\n<meta property=\"og:site_name\" content=\"Der Gartendoktor\" \/>\n<meta property=\"article:modified_time\" content=\"2025-02-28T02:38:06+00:00\" \/>\n<meta name=\"twitter:card\" content=\"summary_large_image\" \/>\n<meta name=\"twitter:label1\" content=\"Gesch\u00e4tzte Lesezeit\" \/>\n\t<meta name=\"twitter:data1\" content=\"2\u00a0Minuten\" \/>\n<script type=\"application\/ld+json\" class=\"yoast-schema-graph\">{\"@context\":\"https:\/\/schema.org\",\"@graph\":[{\"@type\":\"WebPage\",\"@id\":\"https:\/\/shop.dergartendoktor.de\/?page_id=137\",\"url\":\"https:\/\/shop.dergartendoktor.de\/?page_id=137\",\"name\":\"AGB - Der Gartendoktor\",\"isPartOf\":{\"@id\":\"https:\/\/shop.dergartendoktor.de\/#website\"},\"datePublished\":\"2025-02-28T02:32:50+00:00\",\"dateModified\":\"2025-02-28T02:38:06+00:00\",\"breadcrumb\":{\"@id\":\"https:\/\/shop.dergartendoktor.de\/?page_id=137#breadcrumb\"},\"inLanguage\":\"de\",\"potentialAction\":[{\"@type\":\"ReadAction\",\"target\":[\"https:\/\/shop.dergartendoktor.de\/?page_id=137\"]}]},{\"@type\":\"BreadcrumbList\",\"@id\":\"https:\/\/shop.dergartendoktor.de\/?page_id=137#breadcrumb\",\"itemListElement\":[{\"@type\":\"ListItem\",\"position\":1,\"name\":\"Startseite\",\"item\":\"https:\/\/shop.dergartendoktor.de\/\"},{\"@type\":\"ListItem\",\"position\":2,\"name\":\"AGB\"}]},{\"@type\":\"WebSite\",\"@id\":\"https:\/\/shop.dergartendoktor.de\/#website\",\"url\":\"https:\/\/shop.dergartendoktor.de\/\",\"name\":\"Der Gartendoktor\",\"description\":\"Pflanzend\u00fcnger 100% nat\u00fcrliche Zutaten\",\"publisher\":{\"@id\":\"https:\/\/shop.dergartendoktor.de\/#organization\"},\"potentialAction\":[{\"@type\":\"SearchAction\",\"target\":{\"@type\":\"EntryPoint\",\"urlTemplate\":\"https:\/\/shop.dergartendoktor.de\/?s={search_term_string}\"},\"query-input\":{\"@type\":\"PropertyValueSpecification\",\"valueRequired\":true,\"valueName\":\"search_term_string\"}}],\"inLanguage\":\"de\"},{\"@type\":\"Organization\",\"@id\":\"https:\/\/shop.dergartendoktor.de\/#organization\",\"name\":\"Der Gartendoktor\",\"url\":\"https:\/\/shop.dergartendoktor.de\/\",\"logo\":{\"@type\":\"ImageObject\",\"inLanguage\":\"de\",\"@id\":\"https:\/\/shop.dergartendoktor.de\/#\/schema\/logo\/image\/\",\"url\":\"https:\/\/shop.dergartendoktor.de\/wp-content\/uploads\/2025\/02\/Etikett-rund-transparent-1-e1740601449724.png\",\"contentUrl\":\"https:\/\/shop.dergartendoktor.de\/wp-content\/uploads\/2025\/02\/Etikett-rund-transparent-1-e1740601449724.png\",\"width\":500,\"height\":500,\"caption\":\"Der Gartendoktor\"},\"image\":{\"@id\":\"https:\/\/shop.dergartendoktor.de\/#\/schema\/logo\/image\/\"}}]}<\/script>\n<!-- \/ Yoast SEO plugin. -->","yoast_head_json":{"title":"AGB - Der Gartendoktor","robots":{"index":"index","follow":"follow","max-snippet":"max-snippet:-1","max-image-preview":"max-image-preview:large","max-video-preview":"max-video-preview:-1"},"canonical":"https:\/\/shop.dergartendoktor.de\/?page_id=137","og_locale":"de_DE","og_type":"article","og_title":"AGB - Der Gartendoktor","og_description":"1. GeltungsbereichDiese Allgemeinen Gesch\u00e4ftsbedingungen gelten f\u00fcr alle Bestellungen, die \u00fcber unseren Online-Shop get\u00e4tigt werden. Mit der Abgabe einer Bestellung akzeptiert der Kunde diese AGB. 2. VertragspartnerDer Kaufvertrag kommt zustande mit der Firma Der Gartendoktor, Inhaber: Donovan Cla\u00dfen, Greppstr.37a, Email: don@dergartendoktor.de, Telefon: 02471-7729467. 3. Angebot und VertragsschlussDie Produktdarstellungen im Online-Shop sind unverbindlich. Durch das Anklicken des [&hellip;]","og_url":"https:\/\/shop.dergartendoktor.de\/?page_id=137","og_site_name":"Der Gartendoktor","article_modified_time":"2025-02-28T02:38:06+00:00","twitter_card":"summary_large_image","twitter_misc":{"Gesch\u00e4tzte Lesezeit":"2\u00a0Minuten"},"schema":{"@context":"https:\/\/schema.org","@graph":[{"@type":"WebPage","@id":"https:\/\/shop.dergartendoktor.de\/?page_id=137","url":"https:\/\/shop.dergartendoktor.de\/?page_id=137","name":"AGB - Der Gartendoktor","isPartOf":{"@id":"https:\/\/shop.dergartendoktor.de\/#website"},"datePublished":"2025-02-28T02:32:50+00:00","dateModified":"2025-02-28T02:38:06+00:00","breadcrumb":{"@id":"https:\/\/shop.dergartendoktor.de\/?page_id=137#breadcrumb"},"inLanguage":"de","potentialAction":[{"@type":"ReadAction","target":["https:\/\/shop.dergartendoktor.de\/?page_id=137"]}]},{"@type":"BreadcrumbList","@id":"https:\/\/shop.dergartendoktor.de\/?page_id=137#breadcrumb","itemListElement":[{"@type":"ListItem","position":1,"name":"Startseite","item":"https:\/\/shop.dergartendoktor.de\/"},{"@type":"ListItem","position":2,"name":"AGB"}]},{"@type":"WebSite","@id":"https:\/\/shop.dergartendoktor.de\/#website","url":"https:\/\/shop.dergartendoktor.de\/","name":"Der Gartendoktor","description":"Pflanzend\u00fcnger 100% nat\u00fcrliche Zutaten","publisher":{"@id":"https:\/\/shop.dergartendoktor.de\/#organization"},"potentialAction":[{"@type":"SearchAction","target":{"@type":"EntryPoint","urlTemplate":"https:\/\/shop.dergartendoktor.de\/?s={search_term_string}"},"query-input":{"@type":"PropertyValueSpecification","valueRequired":true,"valueName":"search_term_string"}}],"inLanguage":"de"},{"@type":"Organization","@id":"https:\/\/shop.dergartendoktor.de\/#organization","name":"Der Gartendoktor","url":"https:\/\/shop.dergartendoktor.de\/","logo":{"@type":"ImageObject","inLanguage":"de","@id":"https:\/\/shop.dergartendoktor.de\/#\/schema\/logo\/image\/","url":"https:\/\/shop.dergartendoktor.de\/wp-content\/uploads\/2025\/02\/Etikett-rund-transparent-1-e1740601449724.png","contentUrl":"https:\/\/shop.dergartendoktor.de\/wp-content\/uploads\/2025\/02\/Etikett-rund-transparent-1-e1740601449724.png","width":500,"height":500,"caption":"Der Gartendoktor"},"image":{"@id":"https:\/\/shop.dergartendoktor.de\/#\/schema\/logo\/image\/"}}]}},"_links":{"self":[{"href":"https:\/\/shop.dergartendoktor.de\/index.php?rest_route=\/wp\/v2\/pages\/137","targetHints":{"allow":["GET"]}}],"collection":[{"href":"https:\/\/shop.dergartendoktor.de\/index.php?rest_route=\/wp\/v2\/pages"}],"about":[{"href":"https:\/\/shop.dergartendoktor.de\/index.php?rest_route=\/wp\/v2\/types\/page"}],"author":[{"embeddable":true,"href":"https:\/\/shop.dergartendoktor.de\/index.php?rest_route=\/wp\/v2\/users\/1"}],"replies":[{"embeddable":true,"href":"https:\/\/shop.dergartendoktor.de\/index.php?rest_route=%2Fwp%2Fv2%2Fcomments&post=137"}],"version-history":[{"count":4,"href":"https:\/\/shop.dergartendoktor.de\/index.php?rest_route=\/wp\/v2\/pages\/137\/revisions"}],"predecessor-version":[{"id":142,"href":"https:\/\/shop.dergartendoktor.de\/index.php?rest_route=\/wp\/v2\/pages\/137\/revisions\/142"}],"wp:attachment":[{"href":"https:\/\/shop.dergartendoktor.de\/index.php?rest_route=%2Fwp%2Fv2%2Fmedia&parent=137"}],"curies":[{"name":"wp","href":"https:\/\/api.w.org\/{rel}","templated":true}]}}